{"id":54450,"date":"2020-06-28T15:11:52","date_gmt":"2020-06-28T15:11:52","guid":{"rendered":"https:\/\/boost.up.pt\/?page_id=54450"},"modified":"2021-06-29T16:17:49","modified_gmt":"2021-06-29T16:17:49","slug":"escola-medidas","status":"publish","type":"page","link":"https:\/\/boost.up.pt\/en\/escola-medidas\/","title":{"rendered":"Medidas de Escolas"},"content":{"rendered":"[et_pb_section fb_built=&#8221;1&#8243; _builder_version=&#8221;4.4.7&#8243; vertical_offset_tablet=&#8221;0&#8243; horizontal_offset_tablet=&#8221;0&#8243; custom_margin=&#8221;-27px||||false|false&#8221; custom_padding=&#8221;0px|||&#8221; z_index_tablet=&#8221;0&#8243; box_shadow_horizontal_tablet=&#8221;0px&#8221; box_shadow_vertical_tablet=&#8221;0px&#8221; box_shadow_blur_tablet=&#8221;40px&#8221; box_shadow_spread_tablet=&#8221;0px&#8221;][et_pb_row _builder_version=&#8221;4.4.3&#8243; vertical_offset_tablet=&#8221;0&#8243; horizontal_offset_tablet=&#8221;0&#8243; custom_margin=&#8221;0px|||&#8221; custom_padding=&#8221;0px|||&#8221; z_index_tablet=&#8221;0&#8243; box_shadow_horizontal_tablet=&#8221;0px&#8221; box_shadow_vertical_tablet=&#8221;0px&#8221; box_shadow_blur_tablet=&#8221;40px&#8221; box_shadow_spread_tablet=&#8221;0px&#8221;][et_pb_column type=&#8221;4_4&#8243; _builder_version=&#8221;3.0.47&#8243; custom_padding=&#8221;|||&#8221; custom_padding__hover=&#8221;|||&#8221;][et_pb_code admin_label=&#8221;Processo de cria\u00e7\u00e3o de Pacotes de Medidas&#8221; _builder_version=&#8221;4.5.6&#8243; vertical_offset_tablet=&#8221;0&#8243; horizontal_offset_tablet=&#8221;0&#8243; custom_margin=&#8221;||||false|false&#8221; z_index_tablet=&#8221;0&#8243; box_shadow_horizontal_tablet=&#8221;0px&#8221; box_shadow_vertical_tablet=&#8221;0px&#8221; box_shadow_blur_tablet=&#8221;40px&#8221; box_shadow_spread_tablet=&#8221;0px&#8221;]\n<h1>Processo de cria\u00e7\u00e3o de Pacotes de Medidas<\/h1>\n<p><!-- [et_pb_line_break_holder] --><pee>Utilize o esquema abaixo para localizar o seu progresso ou retornar a uma fase anterior.<\/pee>[\/et_pb_code][et_pb_code admin_label=&#8221;Shortcode id=354&#8243; _builder_version=&#8221;4.4.8&#8243; vertical_offset_tablet=&#8221;0&#8243; horizontal_offset_tablet=&#8221;0&#8243; z_index_tablet=&#8221;0&#8243; box_shadow_horizontal_tablet=&#8221;0px&#8221; box_shadow_vertical_tablet=&#8221;0px&#8221; box_shadow_blur_tablet=&#8221;40px&#8221; box_shadow_spread_tablet=&#8221;0px&#8221;]\n<table id=\"tablepress-354\" class=\"tablepress tablepress-id-354\">\n<tbody>\n<tr class=\"row-1\">\n\t<td class=\"column-1\"><a href=\"http:\/\/boost.up.pt\/roadmap\/measures-selection\/\"><img loading=\"lazy\" decoding=\"async\" src=\"https:\/\/boost.up.pt\/wp-content\/uploads\/2020\/06\/Promotores_600-300x300.png\" alt=\"\" width=\"45\" height=\"45\" class=\"alignnone size-medium wp-image-54315\" srcset=\"https:\/\/boost.up.pt\/wp-content\/uploads\/2020\/06\/Promotores_600-300x300.png 300w, https:\/\/boost.up.pt\/wp-content\/uploads\/2020\/06\/Promotores_600-100x100.png 100w, https:\/\/boost.up.pt\/wp-content\/uploads\/2020\/06\/Promotores_600-270x270.png 270w, https:\/\/boost.up.pt\/wp-content\/uploads\/2020\/06\/Promotores_600-230x230.png 230w, https:\/\/boost.up.pt\/wp-content\/uploads\/2020\/06\/Promotores_600.png 600w\" sizes=\"(max-width: 45px) 100vw, 45px\" \/><\/a><\/td><td class=\"column-2\">Selecionar<br \/>\nPromotores<\/td><td class=\"column-3\"><img loading=\"lazy\" decoding=\"async\" src=\"https:\/\/boost.up.pt\/wp-content\/uploads\/2020\/06\/Para-tr\u00e1s-com-espa\u00e7o-300x23.png\" alt=\"\" width=\"300\" height=\"23\" class=\"alignnone size-medium wp-image-54341\" srcset=\"https:\/\/boost.up.pt\/wp-content\/uploads\/2020\/06\/Para-tr\u00e1s-com-espa\u00e7o-300x23.png 300w, https:\/\/boost.up.pt\/wp-content\/uploads\/2020\/06\/Para-tr\u00e1s-com-espa\u00e7o.png 600w\" sizes=\"(max-width: 300px) 100vw, 300px\" \/><\/td><td class=\"column-4\"><img loading=\"lazy\" decoding=\"async\" src=\"https:\/\/boost.up.pt\/wp-content\/uploads\/2020\/06\/Bibliotecas-em-uso_600-300x300.png\" alt=\"\" width=\"45\" height=\"45\" class=\"alignnone size-medium wp-image-54580\" srcset=\"https:\/\/boost.up.pt\/wp-content\/uploads\/2020\/06\/Bibliotecas-em-uso_600-300x300.png 300w, https:\/\/boost.up.pt\/wp-content\/uploads\/2020\/06\/Bibliotecas-em-uso_600-100x100.png 100w, https:\/\/boost.up.pt\/wp-content\/uploads\/2020\/06\/Bibliotecas-em-uso_600-270x270.png 270w, https:\/\/boost.up.pt\/wp-content\/uploads\/2020\/06\/Bibliotecas-em-uso_600-230x230.png 230w, https:\/\/boost.up.pt\/wp-content\/uploads\/2020\/06\/Bibliotecas-em-uso_600.png 600w\" sizes=\"(max-width: 45px) 100vw, 45px\" \/><\/td><td class=\"column-5\"><strong>Biblioteca<br \/>\nde Medidas<\/strong><\/td><td class=\"column-6\"><img loading=\"lazy\" decoding=\"async\" src=\"https:\/\/boost.up.pt\/wp-content\/uploads\/2020\/06\/Em-frente-com-espa\u00e7o-300x23.png\" alt=\"\" width=\"300\" height=\"23\" class=\"alignnone size-medium wp-image-54581\" srcset=\"https:\/\/boost.up.pt\/wp-content\/uploads\/2020\/06\/Em-frente-com-espa\u00e7o-300x23.png 300w, https:\/\/boost.up.pt\/wp-content\/uploads\/2020\/06\/Em-frente-com-espa\u00e7o.png 600w\" sizes=\"(max-width: 300px) 100vw, 300px\" \/><\/td><td class=\"column-7\"><a href=\"https:\/\/boost.up.pt\/escola-selecionador\/\"><img loading=\"lazy\" decoding=\"async\" src=\"https:\/\/boost.up.pt\/wp-content\/uploads\/2020\/06\/Pacotes_600-300x300.png\" alt=\"\" width=\"45\" height=\"45\" class=\"alignnone size-medium wp-image-54317\" srcset=\"https:\/\/boost.up.pt\/wp-content\/uploads\/2020\/06\/Pacotes_600-300x300.png 300w, https:\/\/boost.up.pt\/wp-content\/uploads\/2020\/06\/Pacotes_600-100x100.png 100w, https:\/\/boost.up.pt\/wp-content\/uploads\/2020\/06\/Pacotes_600-270x270.png 270w, https:\/\/boost.up.pt\/wp-content\/uploads\/2020\/06\/Pacotes_600-230x230.png 230w, https:\/\/boost.up.pt\/wp-content\/uploads\/2020\/06\/Pacotes_600.png 600w\" sizes=\"(max-width: 45px) 100vw, 45px\" \/><\/td><td class=\"column-8\">Criar<br \/>\nPacotes<\/td>\n<\/tr>\n<\/tbody>\n<\/table>\n<!-- #tablepress-354 from cache -->[\/et_pb_code][et_pb_code admin_label=&#8221;Html&#8221; _builder_version=&#8221;4.9.7&#8243; vertical_offset_tablet=&#8221;0&#8243; horizontal_offset_tablet=&#8221;0&#8243; hover_enabled=&#8221;0&#8243; z_index_tablet=&#8221;0&#8243; box_shadow_horizontal_tablet=&#8221;0px&#8221; box_shadow_vertical_tablet=&#8221;0px&#8221; box_shadow_blur_tablet=&#8221;40px&#8221; box_shadow_spread_tablet=&#8221;0px&#8221; sticky_enabled=&#8221;0&#8243;]\n<section><!-- [et_pb_line_break_holder] -->  <\/p>\n<h1><!-- [et_pb_line_break_holder] -->    Biblioteca de Medidas<!-- [et_pb_line_break_holder] -->  <\/h1>\n<p><!-- [et_pb_line_break_holder] -->    <pee><!-- [et_pb_line_break_holder] -->        Cada <a href=\"https:\/\/boost.up.pt\/roadmap\/measures-selection\/\"><!-- [et_pb_line_break_holder] -->            <span style=\"text-decoration: underline; color:#9ddb2b !important;\">Promotor<\/span><!-- [et_pb_line_break_holder] -->        <\/a> possui um conjunto de medidas espec\u00edficas.<!-- [et_pb_line_break_holder] -->        As obrigat\u00f3rias s\u00e3o cruciais para a cria\u00e7\u00e3o de um pacote de mobilidade cicl\u00e1vel eficiente.<!-- [et_pb_line_break_holder] -->        As secund\u00e1rias podem ser combinadas de maneira diferente para obter resultados mais adequados a cada situa\u00e7\u00e3o.<!-- [et_pb_line_break_holder] -->        <pee>Selecione cada medida para descobrir mais sobre o impacto de cada uma:<\/pee><!-- [et_pb_line_break_holder] -->    <\/pee><!-- [et_pb_line_break_holder] --><\/section>\n<p><!-- [et_pb_line_break_holder] --><!-- [et_pb_line_break_holder] --><\/p>\n<section id=\"sec-legendas\"><!-- [et_pb_line_break_holder] -->    <\/p>\n<h1>Tipologia das medidas<\/h1>\n<p><!-- [et_pb_line_break_holder] -->        \n<table id=\"tablepress-357\" class=\"tablepress tablepress-id-357\">\n<tbody>\n<tr class=\"row-1\">\n\t<td class=\"column-1\"><img loading=\"lazy\" decoding=\"async\" src=\"https:\/\/boost.up.pt\/wp-content\/uploads\/2020\/07\/Tipologias-IE_V2-300x300.png\" alt=\"\" width=\"25\" height=\"25\" class=\"alignnone size-medium wp-image-54809\" srcset=\"https:\/\/boost.up.pt\/wp-content\/uploads\/2020\/07\/Tipologias-IE_V2-300x300.png 300w, https:\/\/boost.up.pt\/wp-content\/uploads\/2020\/07\/Tipologias-IE_V2-100x100.png 100w, https:\/\/boost.up.pt\/wp-content\/uploads\/2020\/07\/Tipologias-IE_V2-270x270.png 270w, https:\/\/boost.up.pt\/wp-content\/uploads\/2020\/07\/Tipologias-IE_V2.png 305w, https:\/\/boost.up.pt\/wp-content\/uploads\/2020\/07\/Tipologias-IE_V2-230x230.png 230w\" sizes=\"(max-width: 25px) 100vw, 25px\" \/><\/td><td class=\"column-2\">Infraestruturas<\/td><td class=\"column-3\"><img loading=\"lazy\" decoding=\"async\" src=\"https:\/\/boost.up.pt\/wp-content\/uploads\/2020\/07\/Tipologias-GS_V2-300x300.png\" alt=\"\" width=\"25\" height=\"25\" class=\"alignnone size-medium wp-image-54808\" srcset=\"https:\/\/boost.up.pt\/wp-content\/uploads\/2020\/07\/Tipologias-GS_V2-300x300.png 300w, https:\/\/boost.up.pt\/wp-content\/uploads\/2020\/07\/Tipologias-GS_V2-100x100.png 100w, https:\/\/boost.up.pt\/wp-content\/uploads\/2020\/07\/Tipologias-GS_V2-270x270.png 270w, https:\/\/boost.up.pt\/wp-content\/uploads\/2020\/07\/Tipologias-GS_V2.png 305w, https:\/\/boost.up.pt\/wp-content\/uploads\/2020\/07\/Tipologias-GS_V2-230x230.png 230w\" sizes=\"(max-width: 25px) 100vw, 25px\" \/><\/td><td class=\"column-4\">Gest\u00e3o e Servi\u00e7os<\/td><td class=\"column-5\"><img loading=\"lazy\" decoding=\"async\" src=\"https:\/\/boost.up.pt\/wp-content\/uploads\/2020\/07\/Tipologias-AC_V2-300x300.png\" alt=\"\" width=\"25\" height=\"25\" class=\"alignnone size-medium wp-image-54806\" srcset=\"https:\/\/boost.up.pt\/wp-content\/uploads\/2020\/07\/Tipologias-AC_V2-300x300.png 300w, https:\/\/boost.up.pt\/wp-content\/uploads\/2020\/07\/Tipologias-AC_V2-100x100.png 100w, https:\/\/boost.up.pt\/wp-content\/uploads\/2020\/07\/Tipologias-AC_V2-270x270.png 270w, https:\/\/boost.up.pt\/wp-content\/uploads\/2020\/07\/Tipologias-AC_V2.png 305w, https:\/\/boost.up.pt\/wp-content\/uploads\/2020\/07\/Tipologias-AC_V2-230x230.png 230w\" sizes=\"(max-width: 25px) 100vw, 25px\" \/><\/td><td class=\"column-6\">Atitudes e<br \/>\nComportamentos<\/td><td class=\"column-7\"><img loading=\"lazy\" decoding=\"async\" src=\"https:\/\/boost.up.pt\/wp-content\/uploads\/2020\/07\/Tipologias-F_V2-300x300.png\" alt=\"\" width=\"25\" height=\"25\" class=\"alignnone size-medium wp-image-54807\" srcset=\"https:\/\/boost.up.pt\/wp-content\/uploads\/2020\/07\/Tipologias-F_V2-300x300.png 300w, https:\/\/boost.up.pt\/wp-content\/uploads\/2020\/07\/Tipologias-F_V2-100x100.png 100w, https:\/\/boost.up.pt\/wp-content\/uploads\/2020\/07\/Tipologias-F_V2-270x270.png 270w, https:\/\/boost.up.pt\/wp-content\/uploads\/2020\/07\/Tipologias-F_V2.png 305w, https:\/\/boost.up.pt\/wp-content\/uploads\/2020\/07\/Tipologias-F_V2-230x230.png 230w\" sizes=\"(max-width: 25px) 100vw, 25px\" \/><\/td><td class=\"column-8\">Finan\u00e7as<\/td><td class=\"column-9\"><img loading=\"lazy\" decoding=\"async\" src=\"https:\/\/boost.up.pt\/wp-content\/uploads\/2020\/07\/Tipologias-US_V2-300x300.png\" alt=\"\" width=\"25\" height=\"25\" class=\"alignnone size-medium wp-image-54810\" srcset=\"https:\/\/boost.up.pt\/wp-content\/uploads\/2020\/07\/Tipologias-US_V2-300x300.png 300w, https:\/\/boost.up.pt\/wp-content\/uploads\/2020\/07\/Tipologias-US_V2-100x100.png 100w, https:\/\/boost.up.pt\/wp-content\/uploads\/2020\/07\/Tipologias-US_V2-270x270.png 270w, https:\/\/boost.up.pt\/wp-content\/uploads\/2020\/07\/Tipologias-US_V2.png 305w, https:\/\/boost.up.pt\/wp-content\/uploads\/2020\/07\/Tipologias-US_V2-230x230.png 230w\" sizes=\"(max-width: 25px) 100vw, 25px\" \/><\/td><td class=\"column-10\">Uso de Solo<\/td>\n<\/tr>\n<\/tbody>\n<\/table>\n<!-- #tablepress-357 from cache --><!-- [et_pb_line_break_holder] --><\/section>\n<p><!-- [et_pb_line_break_holder] --><!-- [et_pb_line_break_holder] --><\/p>\n<section id=\"sec1\"><!-- [et_pb_line_break_holder] --><!-- [et_pb_line_break_holder] -->    <\/p>\n<h1>Medidas prim\u00e1rias<\/h1>\n<p><!-- [et_pb_line_break_holder] -->    <\/p>\n<ul class=\"primarias\"> <!-- [et_pb_line_break_holder] -->        <\/p>\n<li><!-- [et_pb_line_break_holder] -->            <a href=\"https:\/\/boost.up.pt\/ferramentas\/measures-selection\/gestao-da-mobilidade-escolar\/\"><!-- [et_pb_line_break_holder] -->                <label><img decoding=\"async\" src=\"https:\/\/boost.up.pt\/wp-content\/uploads\/2020\/04\/gestao-escolar.svg\" \/><pee>Gest\u00e3o da mobilidade escolar<\/pee><\/label><!-- [et_pb_line_break_holder] -->            <\/a><!-- [et_pb_line_break_holder] -->        <\/li>\n<p><!-- [et_pb_line_break_holder] -->        <\/p>\n<li><!-- [et_pb_line_break_holder] -->            <a href=\"https:\/\/boost.up.pt\/ferramentas\/measures-selection\/gestao-monitorizacao\/\"><!-- [et_pb_line_break_holder] -->                <label><img decoding=\"async\" src=\"https:\/\/boost.up.pt\/wp-content\/uploads\/2020\/04\/gestao-monit-manut.svg\" \/><pee>Gest\u00e3o, manuten\u00e7\u00e3o e monitoriza\u00e7\u00e3o<\/pee><\/label><!-- [et_pb_line_break_holder] -->            <\/a><!-- [et_pb_line_break_holder] -->        <\/li>\n<p><!-- [et_pb_line_break_holder] -->        <\/p>\n<li><!-- [et_pb_line_break_holder] -->            <a href=\"https:\/\/boost.up.pt\/ferramentas\/measures-selection\/informacao\/\"><!-- [et_pb_line_break_holder] -->                <label><img decoding=\"async\" src=\"https:\/\/boost.up.pt\/wp-content\/uploads\/2020\/04\/info.svg\" \/><pee>Informa\u00e7\u00e3o<\/pee><\/label><!-- [et_pb_line_break_holder] -->            <\/a><!-- [et_pb_line_break_holder] -->        <\/li>\n<p><!-- [et_pb_line_break_holder] -->    <\/ul>\n<p><!-- [et_pb_line_break_holder] --><!-- [et_pb_line_break_holder] -->    <\/p>\n<h1>Medidas complementares<\/h1>\n<p><!-- [et_pb_line_break_holder] -->    <\/p>\n<ul><!-- [et_pb_line_break_holder] -->        <\/p>\n<li><!-- [et_pb_line_break_holder] -->            <a href=\"https:\/\/boost.up.pt\/ferramentas\/measures-selection\/rede\/\"><!-- [et_pb_line_break_holder] -->                <label><img decoding=\"async\" src=\"https:\/\/boost.up.pt\/wp-content\/uploads\/2020\/04\/rede-ciclavel.svg\" \/><pee style=\"color: #666666 !important;\">Rede Cicl\u00e1vel<\/pee><\/label><!-- [et_pb_line_break_holder] -->            <\/a><!-- [et_pb_line_break_holder] -->        <\/li>\n<p><!-- [et_pb_line_break_holder] -->        <\/p>\n<li><!-- [et_pb_line_break_holder] -->            <a href=\"https:\/\/boost.up.pt\/ferramentas\/measures-selection\/estacionamento-para-bicicletas\/\"><!-- [et_pb_line_break_holder] -->                <label><img decoding=\"async\" src=\"https:\/\/boost.up.pt\/wp-content\/uploads\/2020\/04\/rede-estac.svg\" \/><pee style=\"color: #666666 !important;\">Rede de estacionamento de bicicletas<\/pee><\/label><!-- [et_pb_line_break_holder] -->            <\/a><!-- [et_pb_line_break_holder] -->        <\/li>\n<p><!-- [et_pb_line_break_holder] -->        <\/p>\n<li><!-- [et_pb_line_break_holder] -->            <a href=\"https:\/\/boost.up.pt\/ferramentas\/measures-selection\/apoio-ciclista\/\"><!-- [et_pb_line_break_holder] -->                <label><img decoding=\"async\" src=\"https:\/\/boost.up.pt\/wp-content\/uploads\/2020\/04\/infra-apoio.svg\" \/><pee style=\"color: #666666 !important;\">Infraestrutura de apoio ao ciclista<\/pee><\/label><!-- [et_pb_line_break_holder] -->            <\/a><!-- [et_pb_line_break_holder] -->        <\/li>\n<p><!-- [et_pb_line_break_holder] -->        <\/p>\n<li><!-- [et_pb_line_break_holder] -->            <a href=\"https:\/\/boost.up.pt\/ferramentas\/measures-selection\/restricoes-estacionamento\/\"><!-- [et_pb_line_break_holder] -->                <label><img decoding=\"async\" src=\"https:\/\/boost.up.pt\/wp-content\/uploads\/2020\/04\/restricao-estac-autom.svg\" \/><pee style=\"color: #666666 !important;\">Restri\u00e7\u00f5es ao estacionamento autom\u00f3vel<\/pee><\/label><!-- [et_pb_line_break_holder] -->            <\/a><!-- [et_pb_line_break_holder] -->        <\/li>\n<p><!-- [et_pb_line_break_holder] -->        <\/p>\n<li><!-- [et_pb_line_break_holder] -->            <a href=\"https:\/\/boost.up.pt\/ferramentas\/measures-selection\/velocidade-limitada\/\"><!-- [et_pb_line_break_holder] -->                <label><img decoding=\"async\" src=\"https:\/\/boost.up.pt\/wp-content\/uploads\/2020\/04\/zonas-velocidade.svg\" \/><pee style=\"color: #666666 !important;\">Zonas de velocidade limitada<\/pee><\/label><!-- [et_pb_line_break_holder] -->            <\/a><!-- [et_pb_line_break_holder] -->        <\/li>\n<p><!-- [et_pb_line_break_holder] -->        <\/p>\n<li><!-- [et_pb_line_break_holder] -->            <a href=\"https:\/\/boost.up.pt\/ferramentas\/measures-selection\/educacao-ciclavel\/\"><!-- [et_pb_line_break_holder] -->                <label><img decoding=\"async\" src=\"https:\/\/boost.up.pt\/wp-content\/uploads\/2020\/04\/educacao-bike.svg\" \/><pee style=\"color: #666666 !important;\">Educa\u00e7\u00e3o para a mobilidade de bicicleta<\/pee><\/label><!-- [et_pb_line_break_holder] -->            <\/a><!-- [et_pb_line_break_holder] -->        <\/li>\n<p><!-- [et_pb_line_break_holder] -->        <\/p>\n<li><!-- [et_pb_line_break_holder] -->            <a href=\"https:\/\/boost.up.pt\/ferramentas\/measures-selection\/educacao-publica\/\"><!-- [et_pb_line_break_holder] -->                <label><img decoding=\"async\" src=\"https:\/\/boost.up.pt\/wp-content\/uploads\/2020\/04\/educacao-contexto.svg\" \/><pee style=\"color: #666666 !important;\">Educa\u00e7\u00e3o para a mobilidade num contexto com bicicletas<\/pee><\/label><!-- [et_pb_line_break_holder] -->            <\/a><!-- [et_pb_line_break_holder] -->        <\/li>\n<p><!-- [et_pb_line_break_holder] -->        <\/p>\n<li><!-- [et_pb_line_break_holder] -->            <a href=\"https:\/\/boost.up.pt\/ferramentas\/measures-selection\/aulas-bicicleta\/\"><!-- [et_pb_line_break_holder] -->                <label><img decoding=\"async\" src=\"https:\/\/boost.up.pt\/wp-content\/uploads\/2020\/04\/aulas-bike.svg\" \/><pee style=\"color: #666666 !important;\">Aulas de bicicleta<\/pee><\/label><!-- [et_pb_line_break_holder] -->            <\/a><!-- [et_pb_line_break_holder] -->        <\/li>\n<p><!-- [et_pb_line_break_holder] -->        <\/p>\n<li><!-- [et_pb_line_break_holder] -->            <a href=\"https:\/\/boost.up.pt\/ferramentas\/measures-selection\/eventos-bicicleta\/\"><!-- [et_pb_line_break_holder] -->                <label><img decoding=\"async\" src=\"https:\/\/boost.up.pt\/wp-content\/uploads\/2020\/04\/eventos.svg\" \/><pee style=\"color: #666666 !important;\">Eventos e festas para a bicicleta<\/pee><\/label><!-- [et_pb_line_break_holder] -->            <\/a><!-- [et_pb_line_break_holder] -->        <\/li>\n<p><!-- [et_pb_line_break_holder] -->        <\/p>\n<li><!-- [et_pb_line_break_holder] -->            <a href=\"https:\/\/boost.up.pt\/ferramentas\/measures-selection\/multimedia-e-redes-sociais\/\"><!-- [et_pb_line_break_holder] -->                <label><img decoding=\"async\" src=\"https:\/\/boost.up.pt\/wp-content\/uploads\/2020\/04\/multimedia.svg\" \/><pee style=\"color: #666666 !important;\">Multim\u00e9dia e redes sociais<\/pee><\/label><!-- [et_pb_line_break_holder] -->            <\/a><!-- [et_pb_line_break_holder] -->        <\/li>\n<p> <!-- [et_pb_line_break_holder] -->        <\/p>\n<li><!-- [et_pb_line_break_holder] -->            <a href=\"https:\/\/boost.up.pt\/ferramentas\/measures-selection\/marketing\/\"><!-- [et_pb_line_break_holder] -->                <label><img decoding=\"async\" src=\"https:\/\/boost.up.pt\/wp-content\/uploads\/2020\/04\/branding.svg\" \/><pee style=\"color: #666666 !important;\">Branding<\/pee><\/label><!-- [et_pb_line_break_holder] -->            <\/a><!-- [et_pb_line_break_holder] -->        <\/li>\n<p><!-- [et_pb_line_break_holder] -->        <\/p>\n<li><!-- [et_pb_line_break_holder] -->            <a href=\"https:\/\/boost.up.pt\/ferramentas\/measures-selection\/incentivos-financeiros\/\"><!-- [et_pb_line_break_holder] -->                <label><img decoding=\"async\" src=\"https:\/\/boost.up.pt\/wp-content\/uploads\/2020\/04\/incent-financ.svg\" \/><pee style=\"color: #666666 !important;\">Incentivos financeiros ao uso da bicicleta<\/pee><\/label><!-- [et_pb_line_break_holder] -->            <\/a><!-- [et_pb_line_break_holder] -->        <\/li>\n<p><!-- [et_pb_line_break_holder] -->        <\/p>\n<li><!-- [et_pb_line_break_holder] -->            <a href=\"https:\/\/boost.up.pt\/ferramentas\/measures-selection\/estacionamento-automovel\/\"><!-- [et_pb_line_break_holder] -->                <label><img decoding=\"async\" src=\"https:\/\/boost.up.pt\/wp-content\/uploads\/2020\/04\/tarifa-estac.svg\" \/><pee style=\"color: #666666 !important;\">Tarifa de estacionamento autom\u00f3vel<\/pee><\/label><!-- [et_pb_line_break_holder] -->            <\/a><!-- [et_pb_line_break_holder] -->        <\/li>\n<p><!-- [et_pb_line_break_holder] -->        <\/p>\n<li><!-- [et_pb_line_break_holder] -->            <a href=\"https:\/\/boost.up.pt\/ferramentas\/measures-selection\/bicicletas-partilhadas\/\"><!-- [et_pb_line_break_holder] -->                <label><img decoding=\"async\" src=\"https:\/\/boost.up.pt\/wp-content\/uploads\/2020\/04\/sist-partilha.svg\" \/><pee style=\"color: #666666 !important;\">Sistemas de Bicicletas partilhadas<\/pee><\/label><!-- [et_pb_line_break_holder] -->            <\/a><!-- [et_pb_line_break_holder] -->        <\/li>\n<p><!-- [et_pb_line_break_holder] -->    <\/ul>\n<p><!-- [et_pb_line_break_holder] --><\/section>\n[\/et_pb_code][\/et_pb_column][\/et_pb_row][\/et_pb_section]\n","protected":false},"excerpt":{"rendered":"<p>Processo de cria\u00e7\u00e3o de Pacotes de&#8230;<\/p>\n","protected":false},"author":3,"featured_media":0,"parent":0,"menu_order":0,"comment_status":"closed","ping_status":"closed","template":"","meta":{"_et_pb_use_builder":"on","_et_pb_old_content":"","_et_gb_content_width":"","_monsterinsights_skip_tracking":false,"_monsterinsights_sitenote_active":false,"_monsterinsights_sitenote_note":"","_monsterinsights_sitenote_category":0,"pgc_sgb_lightbox_settings":"","footnotes":""},"class_list":["post-54450","page","type-page","status-publish","hentry"],"_links":{"self":[{"href":"https:\/\/boost.up.pt\/en\/wp-json\/wp\/v2\/pages\/54450","targetHints":{"allow":["GET"]}}],"collection":[{"href":"https:\/\/boost.up.pt\/en\/wp-json\/wp\/v2\/pages"}],"about":[{"href":"https:\/\/boost.up.pt\/en\/wp-json\/wp\/v2\/types\/page"}],"author":[{"embeddable":true,"href":"https:\/\/boost.up.pt\/en\/wp-json\/wp\/v2\/users\/3"}],"replies":[{"embeddable":true,"href":"https:\/\/boost.up.pt\/en\/wp-json\/wp\/v2\/comments?post=54450"}],"version-history":[{"count":32,"href":"https:\/\/boost.up.pt\/en\/wp-json\/wp\/v2\/pages\/54450\/revisions"}],"predecessor-version":[{"id":56879,"href":"https:\/\/boost.up.pt\/en\/wp-json\/wp\/v2\/pages\/54450\/revisions\/56879"}],"wp:attachment":[{"href":"https:\/\/boost.up.pt\/en\/wp-json\/wp\/v2\/media?parent=54450"}],"curies":[{"name":"wp","href":"https:\/\/api.w.org\/{rel}","templated":true}]}}