{"id":56802,"date":"2021-06-25T14:20:31","date_gmt":"2021-06-25T14:20:31","guid":{"rendered":"https:\/\/boost.up.pt\/?page_id=56802"},"modified":"2021-08-12T17:53:13","modified_gmt":"2021-08-12T17:53:13","slug":"publicacoes","status":"publish","type":"page","link":"https:\/\/boost.up.pt\/en\/publicacoes\/","title":{"rendered":"Publications"},"content":{"rendered":"<strong><i>Published\u202f<\/i><\/strong><\/p>\n<p><strong>Reports<\/strong><\/p>\n<p>Silva, C. et. al. (2021) &#8220;Roteiro para Cidades Cicl\u00e1veis Principiantes&#8221;. available at: <a href=\"https:\/\/boost.up.pt\/wp-content\/uploads\/2021\/08\/BOOST_Roteiro.pdf\">https:\/\/boost.up.pt\/wp-content\/uploads\/2021\/08\/BOOST_Roteiro.pdf<\/a><\/p>\n<p>Silva, C. et. a. (2021). &#8220;Starter City Roadmap&#8221;. available at: <a href=\"https:\/\/boost.up.pt\/wp-content\/uploads\/2021\/08\/BOOST_Roadmap.pdf\">https:\/\/boost.up.pt\/wp-content\/uploads\/2021\/08\/BOOST_Roadmap.pdf<\/a><\/p>\n<p>&nbsp;<\/p>\n<p><strong>Articles<\/strong><\/p>\n<p>Ferreira, J. P., Isidoro, C., Moura S\u00e1, F., &amp; Baptista Da Mota, J. C. (2020) &#8220;The economic value for cycling \u2013 a methodological assessment for Starter Cities&#8221;. <em>H\u00e1bitat y Sociedad<\/em>, <em>13<\/em>(13), 29\u201345. <a href=\"https:\/\/doi.org\/10.12795\/HabitatySociedad.2020.i13.03\">https:\/\/doi.org\/10.12795\/HabitatySociedad.2020.i13.03<\/a><\/p>\n<p><span data-contrast=\"auto\">Lopes, M.,\u202fM\u00e9lice\u202fDias, A., Silva, C. (2021) \u201cThe impact of urban features in cycling potential \u2013 a tale of Portuguese cities\u201d. Journal of Transport Geography. <a href=\"https:\/\/doi.org\/10.1016\/j.jtrangeo.2021.103149\">https:\/\/doi.org\/10.1016\/j.jtrangeo.2021.103149<\/a><\/span><\/p>\n<p><span data-contrast=\"auto\">\u202f<\/span><strong>Dissertations<\/strong><\/p>\n<p>Machado, I. (2021) &#8220;Trialling the Gross Potential for Cycling: Exploring the link with cycling demand in the Netherlands&#8221;. Masters&#8217; Dissertation in Planning and Urban Project. University of Porto Faculty of Engineering.<\/p>\n<p>Silva, J. (2021) &#8220;An\u00e1lise do potencial cicl\u00e1vel : O caso de Bras\u00edlia&#8221;. Masters&#8217; Dissertation in Planning and Urban Project. University of Porto Faculty of Engineering.<\/p>\n<p>Rios, C. (2020). Mobilidade para a bicicleta: as atitudes dos planeadores sob as influ\u00eancias do funcionamento institucional. Masters&#8217; Dissertation in Planning and Urban Project. University of Porto Faculty of Engineering.<\/p>\n<p>Bicalho, T. (2019) &#8220;Planners&#8217; Attitudes towards the Cycling Potential of their cities an attitude change approach.&#8221; Masters&#8217; Dissertation in Planning and Urban Project. University of Porto Faculty of Engineering.<\/p>\n<p>&nbsp;<\/p>\n<p><strong><i>Under publication<\/i><\/strong><\/p>\n<p><span data-contrast=\"auto\">Silva, C., Marques, J., Lopes, M., M\u00e9lice\u202fDias, A.\u202f(2021)\u202f\u201cThe Gross Potential for Cycling: planning for human scale urban mobility\u201d. In T.\u202fToivonen, M.\u202fMladenovic, E.\u202fWillberg, Karst\u202fGeurs\u202f(eds)\u202fTransport in Human Scale Cities (in press)<\/span><span data-contrast=\"auto\">\u202f<\/span><\/p>\n<p><span data-contrast=\"auto\">M\u00e9lice\u202fDias, A., Lopes, M., Silva, C. (2021) \u201cMore than cycling\u202finfrastructure: Supporting the development of policy packages for starter cycling cities\u201d. Transportation Research Record<\/span><span data-contrast=\"auto\">\u202f<\/span><span data-contrast=\"auto\">\u202f<\/span><span data-ccp-props=\"{&quot;134233117&quot;:true,&quot;134233118&quot;:true,&quot;201341983&quot;:0,&quot;335551550&quot;:6,&quot;335551620&quot;:6,&quot;335559739&quot;:240,&quot;335559740&quot;:240}\"> (in press)\u202f<\/span><\/p>\n<p>&nbsp;<\/p>\n<p><strong><em>In development<\/em><\/strong><\/p>\n<p><strong>Articles<\/strong><\/p>\n<p>Ferreira, J. P., Isidoro, C., Moura S\u00e1, F., &amp; Baptista Da Mota, J. C. (2021) O valor econ\u00f3mico da bicicleta \u00e0 escala local.<\/p>\n<p><span data-contrast=\"auto\">Silva, C.\u202f, Lopes, M., M\u00e9lice\u202fDias, A. (2021) \u201cRevealing the Gross Potential for Cycling\u202fas Planning Support for Starter Cycling Cities<\/span>","protected":false},"excerpt":{"rendered":"<p>Published\u202f Reports Silva, C. et. al. (2021) &#8220;Roteiro para Cidades Cicl\u00e1veis Principiantes&#8221;. available at: https:\/\/boost.up.pt\/wp-content\/uploads\/2021\/08\/BOOST_Roteiro.pdf Silva, C. et. a. (2021). &#8220;Starter City Roadmap&#8221;. available at: https:\/\/boost.up.pt\/wp-content\/uploads\/2021\/08\/BOOST_Roadmap.pdf &nbsp; Articles Ferreira, J. P., Isidoro, C., Moura S\u00e1, F., &amp; Baptista Da Mota,<\/p>\n","protected":false},"author":2,"featured_media":0,"parent":0,"menu_order":0,"comment_status":"closed","ping_status":"closed","template":"","meta":{"_et_pb_use_builder":"","_et_pb_old_content":"","_et_gb_content_width":"","_monsterinsights_skip_tracking":false,"_monsterinsights_sitenote_active":false,"_monsterinsights_sitenote_note":"","_monsterinsights_sitenote_category":0,"pgc_sgb_lightbox_settings":"","footnotes":""},"class_list":["post-56802","page","type-page","status-publish","hentry"],"_links":{"self":[{"href":"https:\/\/boost.up.pt\/en\/wp-json\/wp\/v2\/pages\/56802","targetHints":{"allow":["GET"]}}],"collection":[{"href":"https:\/\/boost.up.pt\/en\/wp-json\/wp\/v2\/pages"}],"about":[{"href":"https:\/\/boost.up.pt\/en\/wp-json\/wp\/v2\/types\/page"}],"author":[{"embeddable":true,"href":"https:\/\/boost.up.pt\/en\/wp-json\/wp\/v2\/users\/2"}],"replies":[{"embeddable":true,"href":"https:\/\/boost.up.pt\/en\/wp-json\/wp\/v2\/comments?post=56802"}],"version-history":[{"count":12,"href":"https:\/\/boost.up.pt\/en\/wp-json\/wp\/v2\/pages\/56802\/revisions"}],"predecessor-version":[{"id":56987,"href":"https:\/\/boost.up.pt\/en\/wp-json\/wp\/v2\/pages\/56802\/revisions\/56987"}],"wp:attachment":[{"href":"https:\/\/boost.up.pt\/en\/wp-json\/wp\/v2\/media?parent=56802"}],"curies":[{"name":"wp","href":"https:\/\/api.w.org\/{rel}","templated":true}]}}